{"id":146,"date":"2021-05-11T05:32:04","date_gmt":"2021-05-11T10:32:04","guid":{"rendered":"http:\/\/maduraiambato.com\/?page_id=146"},"modified":"2026-03-10T20:49:29","modified_gmt":"2026-03-11T01:49:29","slug":"acerca","status":"publish","type":"page","link":"https:\/\/maduraiambato.com\/?page_id=146","title":{"rendered":"Acerca"},"content":{"rendered":"\t\t<div data-elementor-type=\"wp-page\" data-elementor-id=\"146\" class=\"elementor elementor-146\">\n\t\t\t\t\t\t\t\t\t<section class=\"elementor-section elementor-top-section elementor-element elementor-element-e059ce7 elementor-section-boxed elementor-section-height-default elementor-section-height-default\" data-id=\"e059ce7\" data-element_type=\"section\" data-settings=\"{&quot;background_background&quot;:&quot;classic&quot;}\">\n\t\t\t\t\t\t\t<div class=\"elementor-background-overlay\"><\/div>\n\t\t\t\t\t\t\t<div class=\"elementor-container elementor-column-gap-default\">\n\t\t\t\t\t<div class=\"elementor-column elementor-col-100 elementor-top-column elementor-element elementor-element-363bcf8\" data-id=\"363bcf8\" data-element_type=\"column\">\n\t\t\t<div class=\"elementor-widget-wrap\">\n\t\t\t\t\t\t\t\t\t<\/div>\n\t\t<\/div>\n\t\t\t\t\t\t\t<\/div>\n\t\t<\/section>\n\t\t\t\t<section class=\"elementor-section elementor-top-section elementor-element elementor-element-0fa1517 elementor-section-boxed elementor-section-height-default elementor-section-height-default\" data-id=\"0fa1517\" data-element_type=\"section\">\n\t\t\t\t\t\t<div class=\"elementor-container elementor-column-gap-default\">\n\t\t\t\t\t<div class=\"elementor-column elementor-col-100 elementor-top-column elementor-element elementor-element-0ef9c0f\" data-id=\"0ef9c0f\" data-element_type=\"column\">\n\t\t\t<div class=\"elementor-widget-wrap elementor-element-populated\">\n\t\t\t\t\t\t\t\t<div class=\"elementor-element elementor-element-23a1ee5 elementor-position-top elementor-vertical-align-top elementor-widget elementor-widget-image-box\" data-id=\"23a1ee5\" data-element_type=\"widget\" data-widget_type=\"image-box.default\">\n\t\t\t\t<div class=\"elementor-widget-container\">\n\t\t\t<style>\/*! elementor - v3.10.2 - 29-01-2023 *\/\n.elementor-widget-image-box .elementor-image-box-content{width:100%}@media (min-width:768px){.elementor-widget-image-box.elementor-position-left .elementor-image-box-wrapper,.elementor-widget-image-box.elementor-position-right .elementor-image-box-wrapper{display:flex}.elementor-widget-image-box.elementor-position-right .elementor-image-box-wrapper{text-align:right;flex-direction:row-reverse}.elementor-widget-image-box.elementor-position-left .elementor-image-box-wrapper{text-align:left;flex-direction:row}.elementor-widget-image-box.elementor-position-top .elementor-image-box-img{margin:auto}.elementor-widget-image-box.elementor-vertical-align-top .elementor-image-box-wrapper{align-items:flex-start}.elementor-widget-image-box.elementor-vertical-align-middle .elementor-image-box-wrapper{align-items:center}.elementor-widget-image-box.elementor-vertical-align-bottom .elementor-image-box-wrapper{align-items:flex-end}}@media (max-width:767px){.elementor-widget-image-box .elementor-image-box-img{margin-left:auto!important;margin-right:auto!important;margin-bottom:15px}}.elementor-widget-image-box .elementor-image-box-img{display:inline-block}.elementor-widget-image-box .elementor-image-box-title a{color:inherit}.elementor-widget-image-box .elementor-image-box-wrapper{text-align:center}.elementor-widget-image-box .elementor-image-box-description{margin:0}<\/style><div class=\"elementor-image-box-wrapper\"><div class=\"elementor-image-box-content\"><h2 class=\"elementor-image-box-title\">Acerca de nosotros<\/h2><\/div><\/div>\t\t<\/div>\n\t\t\t\t<\/div>\n\t\t\t\t\t<\/div>\n\t\t<\/div>\n\t\t\t\t\t\t\t<\/div>\n\t\t<\/section>\n\t\t\t\t<section class=\"elementor-section elementor-top-section elementor-element elementor-element-327d23e elementor-section-boxed elementor-section-height-default elementor-section-height-default\" data-id=\"327d23e\" data-element_type=\"section\">\n\t\t\t\t\t\t<div class=\"elementor-container elementor-column-gap-default\">\n\t\t\t\t\t<div class=\"elementor-column elementor-col-50 elementor-top-column elementor-element elementor-element-ee42b04\" data-id=\"ee42b04\" data-element_type=\"column\">\n\t\t\t<div class=\"elementor-widget-wrap elementor-element-populated\">\n\t\t\t\t\t\t\t\t<div class=\"elementor-element elementor-element-35e6732 elementor-position-top elementor-vertical-align-top elementor-widget elementor-widget-image-box\" data-id=\"35e6732\" data-element_type=\"widget\" data-widget_type=\"image-box.default\">\n\t\t\t\t<div class=\"elementor-widget-container\">\n\t\t\t<div class=\"elementor-image-box-wrapper\"><div class=\"elementor-image-box-content\"><h3 class=\"elementor-image-box-title\">Misi\u00f3n<\/h3><p class=\"elementor-image-box-description\">Hotel Madurai est\u00e1 llamado a ser una sobresaliente opci\u00f3n de hospitalidad ofreciendo altos est\u00e1ndares de calidad y confort en el mercado del servicio hotelero d\u00e1ndonos a conocer nuestros servicios y atenci\u00f3n \u00fanica en nuestra localidad. Nuestras principal prioridad no solo consiste ofrecer sino implica excelencia en nuestros servicios, tambi\u00e9n ofrecer instalaciones funcionales privadas, exclusivas e innovadoras.<\/p><\/div><\/div>\t\t<\/div>\n\t\t\t\t<\/div>\n\t\t\t\t\t<\/div>\n\t\t<\/div>\n\t\t\t\t<div class=\"elementor-column elementor-col-50 elementor-top-column elementor-element elementor-element-ca632d7\" data-id=\"ca632d7\" data-element_type=\"column\">\n\t\t\t<div class=\"elementor-widget-wrap elementor-element-populated\">\n\t\t\t\t\t\t\t\t<div class=\"elementor-element elementor-element-764c8b2 elementor-widget elementor-widget-image\" data-id=\"764c8b2\" data-element_type=\"widget\" data-widget_type=\"image.default\">\n\t\t\t\t<div class=\"elementor-widget-container\">\n\t\t\t<style>\/*! elementor - v3.10.2 - 29-01-2023 *\/\n.elementor-widget-image{text-align:center}.elementor-widget-image a{display:inline-block}.elementor-widget-image a img[src$=\".svg\"]{width:48px}.elementor-widget-image img{vertical-align:middle;display:inline-block}<\/style>\t\t\t\t\t\t\t\t\t\t\t\t<img decoding=\"async\" width=\"1024\" height=\"683\" src=\"https:\/\/maduraiambato.com\/wp-content\/uploads\/2023\/02\/15-2-1024x683.jpg\" class=\"attachment-large size-large wp-image-544\" alt=\"\" loading=\"lazy\" srcset=\"https:\/\/maduraiambato.com\/wp-content\/uploads\/2023\/02\/15-2-1024x683.jpg 1024w, https:\/\/maduraiambato.com\/wp-content\/uploads\/2023\/02\/15-2-300x200.jpg 300w, https:\/\/maduraiambato.com\/wp-content\/uploads\/2023\/02\/15-2-768x512.jpg 768w, https:\/\/maduraiambato.com\/wp-content\/uploads\/2023\/02\/15-2-1536x1024.jpg 1536w, https:\/\/maduraiambato.com\/wp-content\/uploads\/2023\/02\/15-2-2048x1365.jpg 2048w\" sizes=\"(max-width: 1024px) 100vw, 1024px\" \/>\t\t\t\t\t\t\t\t\t\t\t\t\t\t\t<\/div>\n\t\t\t\t<\/div>\n\t\t\t\t\t<\/div>\n\t\t<\/div>\n\t\t\t\t\t\t\t<\/div>\n\t\t<\/section>\n\t\t\t\t<section class=\"elementor-section elementor-top-section elementor-element elementor-element-9c0c76b elementor-section-boxed elementor-section-height-default elementor-section-height-default\" data-id=\"9c0c76b\" data-element_type=\"section\">\n\t\t\t\t\t\t<div class=\"elementor-container elementor-column-gap-default\">\n\t\t\t\t\t<div class=\"elementor-column elementor-col-50 elementor-top-column elementor-element elementor-element-45f857f\" data-id=\"45f857f\" data-element_type=\"column\">\n\t\t\t<div class=\"elementor-widget-wrap elementor-element-populated\">\n\t\t\t\t\t\t\t\t<div class=\"elementor-element elementor-element-d32bd95 elementor-position-top elementor-vertical-align-top elementor-widget elementor-widget-image-box\" data-id=\"d32bd95\" data-element_type=\"widget\" data-widget_type=\"image-box.default\">\n\t\t\t\t<div class=\"elementor-widget-container\">\n\t\t\t<div class=\"elementor-image-box-wrapper\"><div class=\"elementor-image-box-content\"><h3 class=\"elementor-image-box-title\">Visi\u00f3n<\/h3><p class=\"elementor-image-box-description\">Ser la primera opci\u00f3n de hospedaje y lograr los est\u00e1ndares de calidad requeridos a la prestaci\u00f3n de servicios a nuestros hu\u00e9spedes\/ clientes, atraves de un proceso de mejora continua en el desarrollo de proyectos exclusivos e innovadores, logrando as\u00ed diferenciarnos para convertirnos en uno de los puntos de atracci\u00f3n de la zona.<\/p><\/div><\/div>\t\t<\/div>\n\t\t\t\t<\/div>\n\t\t\t\t\t<\/div>\n\t\t<\/div>\n\t\t\t\t<div class=\"elementor-column elementor-col-50 elementor-top-column elementor-element elementor-element-702d1d5\" data-id=\"702d1d5\" data-element_type=\"column\">\n\t\t\t<div class=\"elementor-widget-wrap elementor-element-populated\">\n\t\t\t\t\t\t\t\t<div class=\"elementor-element elementor-element-f079a00 elementor-position-top elementor-vertical-align-top elementor-widget elementor-widget-image-box\" data-id=\"f079a00\" data-element_type=\"widget\" data-widget_type=\"image-box.default\">\n\t\t\t\t<div class=\"elementor-widget-container\">\n\t\t\t<div class=\"elementor-image-box-wrapper\"><div class=\"elementor-image-box-content\"><h3 class=\"elementor-image-box-title\">Valores<\/h3><p class=\"elementor-image-box-description\">En Hotel Madurai integramos valores fundamentales que constituyen nuestra filosof\u00eda de empresa y se\u00f1a de identidad.\n\n<\/p><\/div><\/div>\t\t<\/div>\n\t\t\t\t<\/div>\n\t\t\t\t<div class=\"elementor-element elementor-element-f65413b elementor-icon-list--layout-traditional elementor-list-item-link-full_width elementor-widget elementor-widget-icon-list\" data-id=\"f65413b\" data-element_type=\"widget\" data-widget_type=\"icon-list.default\">\n\t\t\t\t<div class=\"elementor-widget-container\">\n\t\t\t<link rel=\"stylesheet\" href=\"http:\/\/maduraiambato.com\/wp-content\/plugins\/elementor\/assets\/css\/widget-icon-list.min.css\">\t\t<ul class=\"elementor-icon-list-items\">\n\t\t\t\t\t\t\t<li class=\"elementor-icon-list-item\">\n\t\t\t\t\t\t\t\t\t\t\t<span class=\"elementor-icon-list-icon\">\n\t\t\t\t\t\t\t<i aria-hidden=\"true\" class=\"fas fa-check\"><\/i>\t\t\t\t\t\t<\/span>\n\t\t\t\t\t\t\t\t\t\t<span class=\"elementor-icon-list-text\">Honestidad<\/span>\n\t\t\t\t\t\t\t\t\t<\/li>\n\t\t\t\t\t\t\t\t<li class=\"elementor-icon-list-item\">\n\t\t\t\t\t\t\t\t\t\t\t<span class=\"elementor-icon-list-icon\">\n\t\t\t\t\t\t\t<i aria-hidden=\"true\" class=\"fas fa-check\"><\/i>\t\t\t\t\t\t<\/span>\n\t\t\t\t\t\t\t\t\t\t<span class=\"elementor-icon-list-text\">Disciplina<\/span>\n\t\t\t\t\t\t\t\t\t<\/li>\n\t\t\t\t\t\t\t\t<li class=\"elementor-icon-list-item\">\n\t\t\t\t\t\t\t\t\t\t\t<span class=\"elementor-icon-list-icon\">\n\t\t\t\t\t\t\t<i aria-hidden=\"true\" class=\"fas fa-check\"><\/i>\t\t\t\t\t\t<\/span>\n\t\t\t\t\t\t\t\t\t\t<span class=\"elementor-icon-list-text\">Limpieza<\/span>\n\t\t\t\t\t\t\t\t\t<\/li>\n\t\t\t\t\t\t\t\t<li class=\"elementor-icon-list-item\">\n\t\t\t\t\t\t\t\t\t\t\t<span class=\"elementor-icon-list-icon\">\n\t\t\t\t\t\t\t<i aria-hidden=\"true\" class=\"fas fa-check\"><\/i>\t\t\t\t\t\t<\/span>\n\t\t\t\t\t\t\t\t\t\t<span class=\"elementor-icon-list-text\">Cordialidad<\/span>\n\t\t\t\t\t\t\t\t\t<\/li>\n\t\t\t\t\t\t\t\t<li class=\"elementor-icon-list-item\">\n\t\t\t\t\t\t\t\t\t\t\t<span class=\"elementor-icon-list-icon\">\n\t\t\t\t\t\t\t<i aria-hidden=\"true\" class=\"fas fa-check\"><\/i>\t\t\t\t\t\t<\/span>\n\t\t\t\t\t\t\t\t\t\t<span class=\"elementor-icon-list-text\">Compromiso<\/span>\n\t\t\t\t\t\t\t\t\t<\/li>\n\t\t\t\t\t\t<\/ul>\n\t\t\t\t<\/div>\n\t\t\t\t<\/div>\n\t\t\t\t\t<\/div>\n\t\t<\/div>\n\t\t\t\t\t\t\t<\/div>\n\t\t<\/section>\n\t\t\t\t<section class=\"elementor-section elementor-top-section elementor-element elementor-element-b2e6a05 elementor-section-boxed elementor-section-height-default elementor-section-height-default\" data-id=\"b2e6a05\" data-element_type=\"section\">\n\t\t\t\t\t\t<div class=\"elementor-container elementor-column-gap-default\">\n\t\t\t\t\t<div class=\"elementor-column elementor-col-100 elementor-top-column elementor-element elementor-element-070da69\" data-id=\"070da69\" data-element_type=\"column\">\n\t\t\t<div class=\"elementor-widget-wrap elementor-element-populated\">\n\t\t\t\t\t\t\t\t<div class=\"elementor-element elementor-element-2381ff7 elementor-arrows-position-inside elementor-pagination-position-outside elementor-widget elementor-widget-image-carousel\" data-id=\"2381ff7\" data-element_type=\"widget\" data-settings=\"{&quot;slides_to_show&quot;:&quot;1&quot;,&quot;navigation&quot;:&quot;both&quot;,&quot;autoplay&quot;:&quot;yes&quot;,&quot;pause_on_hover&quot;:&quot;yes&quot;,&quot;pause_on_interaction&quot;:&quot;yes&quot;,&quot;autoplay_speed&quot;:5000,&quot;infinite&quot;:&quot;yes&quot;,&quot;effect&quot;:&quot;slide&quot;,&quot;speed&quot;:500}\" data-widget_type=\"image-carousel.default\">\n\t\t\t\t<div class=\"elementor-widget-container\">\n\t\t\t<style>\/*! elementor - v3.10.2 - 29-01-2023 *\/\n.elementor-widget-image-carousel .swiper-container{position:static}.elementor-widget-image-carousel .swiper-container .swiper-slide figure{line-height:inherit}.elementor-widget-image-carousel .swiper-slide{text-align:center}.elementor-image-carousel-wrapper:not(.swiper-container-initialized) .swiper-slide{max-width:calc(100% \/ var(--e-image-carousel-slides-to-show, 3))}<\/style>\t\t<div class=\"elementor-image-carousel-wrapper swiper-container\" dir=\"ltr\">\n\t\t\t<div class=\"elementor-image-carousel swiper-wrapper\">\n\t\t\t\t\t\t\t\t<div class=\"swiper-slide\"><figure class=\"swiper-slide-inner\"><img decoding=\"async\" class=\"swiper-slide-image\" src=\"https:\/\/maduraiambato.com\/wp-content\/uploads\/2026\/03\/Fondos_1.png\" alt=\"Fondos_1\" \/><\/figure><\/div><div class=\"swiper-slide\"><figure class=\"swiper-slide-inner\"><img decoding=\"async\" class=\"swiper-slide-image\" src=\"https:\/\/maduraiambato.com\/wp-content\/uploads\/2026\/03\/Fondos_3.png\" alt=\"Fondos_3\" \/><\/figure><\/div><div class=\"swiper-slide\"><figure class=\"swiper-slide-inner\"><img decoding=\"async\" class=\"swiper-slide-image\" src=\"https:\/\/maduraiambato.com\/wp-content\/uploads\/2026\/03\/Fondos_4.png\" alt=\"Fondos_4\" \/><\/figure><\/div><div class=\"swiper-slide\"><figure class=\"swiper-slide-inner\"><img decoding=\"async\" class=\"swiper-slide-image\" src=\"https:\/\/maduraiambato.com\/wp-content\/uploads\/2026\/03\/Fondos_2.png\" alt=\"Fondos_2\" \/><\/figure><\/div>\t\t\t<\/div>\n\t\t\t\t\t\t\t\t\t\t\t\t<div class=\"swiper-pagination\"><\/div>\n\t\t\t\t\t\t\t\t\t\t\t\t\t<div class=\"elementor-swiper-button elementor-swiper-button-prev\">\n\t\t\t\t\t\t<i aria-hidden=\"true\" class=\"eicon-chevron-left\"><\/i>\t\t\t\t\t\t<span class=\"elementor-screen-only\">Anterior<\/span>\n\t\t\t\t\t<\/div>\n\t\t\t\t\t<div class=\"elementor-swiper-button elementor-swiper-button-next\">\n\t\t\t\t\t\t<i aria-hidden=\"true\" class=\"eicon-chevron-right\"><\/i>\t\t\t\t\t\t<span class=\"elementor-screen-only\">Siguiente<\/span>\n\t\t\t\t\t<\/div>\n\t\t\t\t\t\t\t\t\t<\/div>\n\t\t\t\t<\/div>\n\t\t\t\t<\/div>\n\t\t\t\t\t<\/div>\n\t\t<\/div>\n\t\t\t\t\t\t\t<\/div>\n\t\t<\/section>\n\t\t\t\t\t\t\t<\/div>\n\t\t","protected":false},"excerpt":{"rendered":"<p>Acerca de nosotros Misi\u00f3n Hotel Madurai est\u00e1 llamado a ser una sobresaliente opci\u00f3n de hospitalidad ofreciendo altos est\u00e1ndares de calidad y confort en el mercado del servicio hotelero d\u00e1ndonos a conocer nuestros servicios y atenci\u00f3n \u00fanica en nuestra localidad. Nuestras principal prioridad no solo consiste ofrecer sino implica excelencia en nuestros servicios, tambi\u00e9n ofrecer instalaciones &hellip;<\/p>\n<p class=\"read-more\"> <a class=\"\" href=\"https:\/\/maduraiambato.com\/?page_id=146\"> <span class=\"screen-reader-text\">Acerca<\/span> Leer m\u00e1s &raquo;<\/a><\/p>\n","protected":false},"author":1,"featured_media":0,"parent":0,"menu_order":0,"comment_status":"closed","ping_status":"closed","template":"","meta":{"site-sidebar-layout":"no-sidebar","site-content-layout":"page-builder","ast-global-header-display":"","ast-main-header-display":"","ast-hfb-above-header-display":"","ast-hfb-below-header-display":"","ast-hfb-mobile-header-display":"","site-post-title":"disabled","ast-breadcrumbs-content":"","ast-featured-img":"disabled","footer-sml-layout":"","theme-transparent-header-meta":"enabled","adv-header-id-meta":"","stick-header-meta":"","header-above-stick-meta":"","header-main-stick-meta":"","header-below-stick-meta":""},"yoast_head":"<!-- This site is optimized with the Yoast SEO plugin v20.1 - https:\/\/yoast.com\/wordpress\/plugins\/seo\/ -->\n<title>Acerca - Hotel Madurai<\/title>\n<meta name=\"robots\" content=\"index, follow, max-snippet:-1, max-image-preview:large, max-video-preview:-1\" \/>\n<link rel=\"canonical\" href=\"https:\/\/maduraiambato.com\/?page_id=146\" \/>\n<meta property=\"og:locale\" content=\"es_ES\" \/>\n<meta property=\"og:type\" content=\"article\" \/>\n<meta property=\"og:title\" content=\"Acerca - Hotel Madurai\" \/>\n<meta property=\"og:description\" content=\"Acerca de nosotros Misi\u00f3n Hotel Madurai est\u00e1 llamado a ser una sobresaliente opci\u00f3n de hospitalidad ofreciendo altos est\u00e1ndares de calidad y confort en el mercado del servicio hotelero d\u00e1ndonos a conocer nuestros servicios y atenci\u00f3n \u00fanica en nuestra localidad. Nuestras principal prioridad no solo consiste ofrecer sino implica excelencia en nuestros servicios, tambi\u00e9n ofrecer instalaciones &hellip; Acerca Leer m\u00e1s &raquo;\" \/>\n<meta property=\"og:url\" content=\"https:\/\/maduraiambato.com\/?page_id=146\" \/>\n<meta property=\"og:site_name\" content=\"Hotel Madurai\" \/>\n<meta property=\"article:publisher\" content=\"https:\/\/es-la.facebook.com\/people\/HOTEL-Madurai\/100071463504852\/\" \/>\n<meta property=\"article:modified_time\" content=\"2026-03-11T01:49:29+00:00\" \/>\n<meta property=\"og:image\" content=\"http:\/\/maduraiambato.com\/wp-content\/uploads\/2023\/02\/15-2-1024x683.jpg\" \/>\n<meta name=\"twitter:card\" content=\"summary_large_image\" \/>\n<meta name=\"twitter:label1\" content=\"Tiempo de lectura\" \/>\n\t<meta name=\"twitter:data1\" content=\"3 minutos\" \/>\n<script type=\"application\/ld+json\" class=\"yoast-schema-graph\">{\"@context\":\"https:\/\/schema.org\",\"@graph\":[{\"@type\":\"WebPage\",\"@id\":\"https:\/\/maduraiambato.com\/?page_id=146\",\"url\":\"https:\/\/maduraiambato.com\/?page_id=146\",\"name\":\"Acerca - Hotel Madurai\",\"isPartOf\":{\"@id\":\"https:\/\/maduraiambato.com\/#website\"},\"datePublished\":\"2021-05-11T10:32:04+00:00\",\"dateModified\":\"2026-03-11T01:49:29+00:00\",\"breadcrumb\":{\"@id\":\"https:\/\/maduraiambato.com\/?page_id=146#breadcrumb\"},\"inLanguage\":\"es\",\"potentialAction\":[{\"@type\":\"ReadAction\",\"target\":[\"https:\/\/maduraiambato.com\/?page_id=146\"]}]},{\"@type\":\"BreadcrumbList\",\"@id\":\"https:\/\/maduraiambato.com\/?page_id=146#breadcrumb\",\"itemListElement\":[{\"@type\":\"ListItem\",\"position\":1,\"name\":\"Portada\",\"item\":\"https:\/\/maduraiambato.com\/\"},{\"@type\":\"ListItem\",\"position\":2,\"name\":\"Acerca\"}]},{\"@type\":\"WebSite\",\"@id\":\"https:\/\/maduraiambato.com\/#website\",\"url\":\"https:\/\/maduraiambato.com\/\",\"name\":\"Hotel Madurai\",\"description\":\"Hotel Madurai en la ciudad de Ambato, hospedaje, reservaciones, habitaciones, suite, turismo en ambato\",\"publisher\":{\"@id\":\"https:\/\/maduraiambato.com\/#organization\"},\"potentialAction\":[{\"@type\":\"SearchAction\",\"target\":{\"@type\":\"EntryPoint\",\"urlTemplate\":\"https:\/\/maduraiambato.com\/?s={search_term_string}\"},\"query-input\":\"required name=search_term_string\"}],\"inLanguage\":\"es\"},{\"@type\":\"Organization\",\"@id\":\"https:\/\/maduraiambato.com\/#organization\",\"name\":\"Hotel Madurai - Ambato\",\"url\":\"https:\/\/maduraiambato.com\/\",\"logo\":{\"@type\":\"ImageObject\",\"inLanguage\":\"es\",\"@id\":\"https:\/\/maduraiambato.com\/#\/schema\/logo\/image\/\",\"url\":\"https:\/\/maduraiambato.com\/wp-content\/uploads\/2023\/02\/cropped-logo-6.png\",\"contentUrl\":\"https:\/\/maduraiambato.com\/wp-content\/uploads\/2023\/02\/cropped-logo-6.png\",\"width\":476,\"height\":479,\"caption\":\"Hotel Madurai - Ambato\"},\"image\":{\"@id\":\"https:\/\/maduraiambato.com\/#\/schema\/logo\/image\/\"},\"sameAs\":[\"https:\/\/es-la.facebook.com\/people\/HOTEL-Madurai\/100071463504852\/\"]}]}<\/script>\n<!-- \/ Yoast SEO plugin. -->","yoast_head_json":{"title":"Acerca - Hotel Madurai","robots":{"index":"index","follow":"follow","max-snippet":"max-snippet:-1","max-image-preview":"max-image-preview:large","max-video-preview":"max-video-preview:-1"},"canonical":"https:\/\/maduraiambato.com\/?page_id=146","og_locale":"es_ES","og_type":"article","og_title":"Acerca - Hotel Madurai","og_description":"Acerca de nosotros Misi\u00f3n Hotel Madurai est\u00e1 llamado a ser una sobresaliente opci\u00f3n de hospitalidad ofreciendo altos est\u00e1ndares de calidad y confort en el mercado del servicio hotelero d\u00e1ndonos a conocer nuestros servicios y atenci\u00f3n \u00fanica en nuestra localidad. Nuestras principal prioridad no solo consiste ofrecer sino implica excelencia en nuestros servicios, tambi\u00e9n ofrecer instalaciones &hellip; Acerca Leer m\u00e1s &raquo;","og_url":"https:\/\/maduraiambato.com\/?page_id=146","og_site_name":"Hotel Madurai","article_publisher":"https:\/\/es-la.facebook.com\/people\/HOTEL-Madurai\/100071463504852\/","article_modified_time":"2026-03-11T01:49:29+00:00","og_image":[{"url":"http:\/\/maduraiambato.com\/wp-content\/uploads\/2023\/02\/15-2-1024x683.jpg"}],"twitter_card":"summary_large_image","twitter_misc":{"Tiempo de lectura":"3 minutos"},"schema":{"@context":"https:\/\/schema.org","@graph":[{"@type":"WebPage","@id":"https:\/\/maduraiambato.com\/?page_id=146","url":"https:\/\/maduraiambato.com\/?page_id=146","name":"Acerca - Hotel Madurai","isPartOf":{"@id":"https:\/\/maduraiambato.com\/#website"},"datePublished":"2021-05-11T10:32:04+00:00","dateModified":"2026-03-11T01:49:29+00:00","breadcrumb":{"@id":"https:\/\/maduraiambato.com\/?page_id=146#breadcrumb"},"inLanguage":"es","potentialAction":[{"@type":"ReadAction","target":["https:\/\/maduraiambato.com\/?page_id=146"]}]},{"@type":"BreadcrumbList","@id":"https:\/\/maduraiambato.com\/?page_id=146#breadcrumb","itemListElement":[{"@type":"ListItem","position":1,"name":"Portada","item":"https:\/\/maduraiambato.com\/"},{"@type":"ListItem","position":2,"name":"Acerca"}]},{"@type":"WebSite","@id":"https:\/\/maduraiambato.com\/#website","url":"https:\/\/maduraiambato.com\/","name":"Hotel Madurai","description":"Hotel Madurai en la ciudad de Ambato, hospedaje, reservaciones, habitaciones, suite, turismo en ambato","publisher":{"@id":"https:\/\/maduraiambato.com\/#organization"},"potentialAction":[{"@type":"SearchAction","target":{"@type":"EntryPoint","urlTemplate":"https:\/\/maduraiambato.com\/?s={search_term_string}"},"query-input":"required name=search_term_string"}],"inLanguage":"es"},{"@type":"Organization","@id":"https:\/\/maduraiambato.com\/#organization","name":"Hotel Madurai - Ambato","url":"https:\/\/maduraiambato.com\/","logo":{"@type":"ImageObject","inLanguage":"es","@id":"https:\/\/maduraiambato.com\/#\/schema\/logo\/image\/","url":"https:\/\/maduraiambato.com\/wp-content\/uploads\/2023\/02\/cropped-logo-6.png","contentUrl":"https:\/\/maduraiambato.com\/wp-content\/uploads\/2023\/02\/cropped-logo-6.png","width":476,"height":479,"caption":"Hotel Madurai - Ambato"},"image":{"@id":"https:\/\/maduraiambato.com\/#\/schema\/logo\/image\/"},"sameAs":["https:\/\/es-la.facebook.com\/people\/HOTEL-Madurai\/100071463504852\/"]}]}},"_links":{"self":[{"href":"https:\/\/maduraiambato.com\/index.php?rest_route=\/wp\/v2\/pages\/146"}],"collection":[{"href":"https:\/\/maduraiambato.com\/index.php?rest_route=\/wp\/v2\/pages"}],"about":[{"href":"https:\/\/maduraiambato.com\/index.php?rest_route=\/wp\/v2\/types\/page"}],"author":[{"embeddable":true,"href":"https:\/\/maduraiambato.com\/index.php?rest_route=\/wp\/v2\/users\/1"}],"replies":[{"embeddable":true,"href":"https:\/\/maduraiambato.com\/index.php?rest_route=%2Fwp%2Fv2%2Fcomments&post=146"}],"version-history":[{"count":8,"href":"https:\/\/maduraiambato.com\/index.php?rest_route=\/wp\/v2\/pages\/146\/revisions"}],"predecessor-version":[{"id":797,"href":"https:\/\/maduraiambato.com\/index.php?rest_route=\/wp\/v2\/pages\/146\/revisions\/797"}],"wp:attachment":[{"href":"https:\/\/maduraiambato.com\/index.php?rest_route=%2Fwp%2Fv2%2Fmedia&parent=146"}],"curies":[{"name":"wp","href":"https:\/\/api.w.org\/{rel}","templated":true}]}}